{"id":141,"date":"2025-04-17T11:43:01","date_gmt":"2025-04-17T11:43:01","guid":{"rendered":"https:\/\/beyond-robotics.de\/?page_id=141"},"modified":"2025-04-17T11:44:56","modified_gmt":"2025-04-17T11:44:56","slug":"datenschutzerklaerung","status":"publish","type":"page","link":"https:\/\/beyond-robotics.de\/en\/datenschutzerklaerung\/","title":{"rendered":"Privacy Policy"},"content":{"rendered":"\t\t<div data-elementor-type=\"wp-page\" data-elementor-id=\"141\" class=\"elementor elementor-141\">\n\t\t\t\t<div class=\"elementor-element elementor-element-f1a7b98 e-flex e-con-boxed e-con e-parent\" data-id=\"f1a7b98\" data-element_type=\"container\" data-e-type=\"container\">\n\t\t\t\t\t<div class=\"e-con-inner\">\n\t\t\t\t<div class=\"elementor-element elementor-element-f33b43d elementor-widget elementor-widget-heading\" data-id=\"f33b43d\" data-element_type=\"widget\" data-e-type=\"widget\" data-widget_type=\"heading.default\">\n\t\t\t\t<div class=\"elementor-widget-container\">\n\t\t\t\t\t<h2 class=\"elementor-heading-title elementor-size-default\">Datenschutzerkl\u00e4rung<\/h2>\t\t\t\t<\/div>\n\t\t\t\t<\/div>\n\t\t\t\t<div class=\"elementor-element elementor-element-6b2190d elementor-widget elementor-widget-text-editor\" data-id=\"6b2190d\" data-element_type=\"widget\" data-e-type=\"widget\" data-widget_type=\"text-editor.default\">\n\t\t\t\t<div class=\"elementor-widget-container\">\n\t\t\t\t\t\t\t\t\t<p class=\"\" data-start=\"639\" data-end=\"904\"><strong data-start=\"639\" data-end=\"665\">1. Allgemeine Hinweise<\/strong><br data-start=\"665\" data-end=\"668\">Der Schutz Ihrer pers\u00f6nlichen Daten ist uns ein besonderes Anliegen. Wir, Beyond-Robotics, behandeln Ihre personenbezogenen Daten vertraulich und entsprechend der gesetzlichen Datenschutzvorschriften sowie dieser Datenschutzerkl\u00e4rung.<\/p>\n<p class=\"\" data-start=\"911\" data-end=\"1142\">Diese Website kann grunds\u00e4tzlich ohne Angabe personenbezogener Daten genutzt werden. Soweit auf unseren Seiten personenbezogene Daten (z.\u202fB. Name, Anschrift oder E-Mail-Adressen) erhoben werden, erfolgt dies auf freiwilliger Basis.<\/p>\n<hr class=\"\" data-start=\"1147\" data-end=\"1150\">\n<p class=\"\" data-start=\"1155\" data-end=\"1271\"><strong data-start=\"1155\" data-end=\"1184\">2. Verantwortliche Stelle<\/strong><br data-start=\"1184\" data-end=\"1187\">Beyond-Robotics GmbH<br data-start=\"1204\" data-end=\"1207\">Max-Eyth-Str. 17<br>D-74366 Kirchheim\/Neckar<\/p><p class=\"\" data-start=\"1155\" data-end=\"1271\">E-Mail: [<font color=\"#045cd1\"><u>norman.schwab@beyond-robotics.de<\/u><\/font>]<\/p>\n<hr class=\"\" data-start=\"1278\" data-end=\"1281\">\n<p class=\"\" data-start=\"1286\" data-end=\"1342\"><strong data-start=\"1286\" data-end=\"1342\">3. Erhebung und Verarbeitung personenbezogener Daten<\/strong><\/p>\n<p class=\"\" data-start=\"1349\" data-end=\"1603\">Personenbezogene Daten werden erhoben, wenn Sie uns diese freiwillig mitteilen \u2013 z.\u202fB. \u00fcber das Kontaktformular. Die Daten werden ausschlie\u00dflich zur Bearbeitung Ihrer Anfrage verwendet und ohne Ihre ausdr\u00fcckliche Zustimmung nicht an Dritte weitergegeben.<\/p>\n<hr class=\"\" data-start=\"1608\" data-end=\"1611\">\n<p class=\"\" data-start=\"1616\" data-end=\"1655\"><strong data-start=\"1616\" data-end=\"1655\">4. Verwendung von Plugins und Tools<\/strong><\/p>\n<ul data-start=\"1662\" data-end=\"2262\">\n<li class=\"\" data-start=\"1662\" data-end=\"1824\">\n<p class=\"\" data-start=\"1664\" data-end=\"1824\"><strong data-start=\"1664\" data-end=\"1700\">WordPress \/ Elementor \/ WPForms:<\/strong> Zur Erstellung und Bereitstellung unserer Website nutzen wir diese Tools. Alle Formulare sind DSGVO-konform eingerichtet.<\/p>\n<\/li>\n<li class=\"\" data-start=\"1827\" data-end=\"1897\">\n<p class=\"\" data-start=\"1829\" data-end=\"1897\"><strong data-start=\"1829\" data-end=\"1842\">Polylang:<\/strong> Wird genutzt zur Darstellung mehrsprachiger Inhalte.<\/p>\n<\/li>\n<li class=\"\" data-start=\"1900\" data-end=\"2146\">\n<p class=\"\" data-start=\"1902\" data-end=\"2146\"><strong data-start=\"1902\" data-end=\"1926\">Eingebettete Medien:<\/strong> Diese Website kann eingebettete Inhalte (z.\u202fB. Videos) von Drittanbietern (wie YouTube oder Vimeo) verwenden. Diese verhalten sich so, als ob Sie deren Website direkt besuchen w\u00fcrden. Es k\u00f6nnen Cookies gesetzt werden.<\/p>\n<\/li>\n<li class=\"\" data-start=\"2149\" data-end=\"2260\">\n<p class=\"\" data-start=\"2151\" data-end=\"2260\"><strong data-start=\"2151\" data-end=\"2169\">PDF-Downloads:<\/strong> F\u00fcr herunterladbare Dokumente wie Datenbl\u00e4tter erfassen wir keine personenbezogenen Daten.<\/p>\n<\/li>\n<\/ul>\n<hr class=\"\" data-start=\"2265\" data-end=\"2268\">\n<p class=\"\" data-start=\"2273\" data-end=\"2304\"><strong data-start=\"2273\" data-end=\"2304\">5. SSL-\/TLS-Verschl\u00fcsselung<\/strong><\/p>\n<p class=\"\" data-start=\"2311\" data-end=\"2430\">Diese Seite nutzt aus Sicherheitsgr\u00fcnden und zum Schutz der \u00dcbertragung vertraulicher Inhalte eine SSL-Verschl\u00fcsselung.<\/p>\n<hr class=\"\" data-start=\"2435\" data-end=\"2438\">\n<p class=\"\" data-start=\"2443\" data-end=\"2461\"><strong data-start=\"2443\" data-end=\"2461\">6. Ihre Rechte<\/strong><\/p>\n<p class=\"\" data-start=\"2468\" data-end=\"2784\">Sie haben jederzeit das Recht auf unentgeltliche Auskunft \u00fcber Ihre gespeicherten personenbezogenen Daten, deren Herkunft und Empf\u00e4nger sowie den Zweck der Datenverarbeitung. Sie haben au\u00dferdem ein Recht auf Berichtigung, Sperrung oder L\u00f6schung dieser Daten. Hierzu gen\u00fcgt eine formlose Mitteilung per E-Mail an uns.<\/p>\n<hr class=\"\" data-start=\"2789\" data-end=\"2792\">\n<p class=\"\" data-start=\"2797\" data-end=\"2811\"><strong data-start=\"2797\" data-end=\"2811\">7. Cookies<\/strong><\/p>\n<p class=\"\" data-start=\"2818\" data-end=\"2930\">Unsere Website verwendet nur technisch notwendige Cookies. Tracking- oder Marketingcookies werden nicht gesetzt.<\/p>\n<hr class=\"\" data-start=\"2935\" data-end=\"2938\">\n<p class=\"\" data-start=\"2943\" data-end=\"2988\"><strong data-start=\"2943\" data-end=\"2988\">8. \u00c4nderungen dieser Datenschutzerkl\u00e4rung<\/strong><\/p>\n<p class=\"\" data-start=\"2995\" data-end=\"3130\">Wir behalten uns vor, diese Datenschutzerkl\u00e4rung bei Bedarf anzupassen. Die jeweils aktuelle Version finden Sie immer auf dieser Seite.<\/p>\t\t\t\t\t\t\t\t<\/div>\n\t\t\t\t<\/div>\n\t\t\t\t\t<\/div>\n\t\t\t\t<\/div>\n\t\t\t\t<\/div>\n\t\t","protected":false},"excerpt":{"rendered":"<p>Datenschutzerkl\u00e4rung 1. Allgemeine HinweiseDer Schutz Ihrer pers\u00f6nlichen Daten ist uns ein besonderes Anliegen. Wir, Beyond-Robotics, behandeln Ihre personenbezogenen Daten vertraulich [&hellip;]<\/p>\n","protected":false},"author":1,"featured_media":0,"parent":0,"menu_order":0,"comment_status":"closed","ping_status":"closed","template":"","meta":{"site-sidebar-layout":"no-sidebar","site-content-layout":"","ast-site-content-layout":"full-width-container","site-content-style":"default","site-sidebar-style":"default","ast-global-header-display":"","ast-banner-title-visibility":"","ast-main-header-display":"","ast-hfb-above-header-display":"","ast-hfb-below-header-display":"","ast-hfb-mobile-header-display":"","site-post-title":"disabled","ast-breadcrumbs-content":"","ast-featured-img":"disabled","footer-sml-layout":"","ast-disable-related-posts":"","theme-transparent-header-meta":"","adv-header-id-meta":"","stick-header-meta":"","header-above-stick-meta":"","header-main-stick-meta":"","header-below-stick-meta":"","astra-migrate-meta-layouts":"default","ast-page-background-enabled":"default","ast-page-background-meta":{"desktop":{"background-color":"var(--ast-global-color-5)","background-image":"","background-repeat":"repeat","background-position":"center center","background-size":"auto","background-attachment":"scroll","background-type":"","background-media":"","overlay-type":"","overlay-color":"","overlay-opacity":"","overlay-gradient":""},"tablet":{"background-color":"","background-image":"","background-repeat":"repeat","background-position":"center center","background-size":"auto","background-attachment":"scroll","background-type":"","background-media":"","overlay-type":"","overlay-color":"","overlay-opacity":"","overlay-gradient":""},"mobile":{"background-color":"","background-image":"","background-repeat":"repeat","background-position":"center center","background-size":"auto","background-attachment":"scroll","background-type":"","background-media":"","overlay-type":"","overlay-color":"","overlay-opacity":"","overlay-gradient":""}},"ast-content-background-meta":{"desktop":{"background-color":"var(--ast-global-color-4)","background-image":"","background-repeat":"repeat","background-position":"center center","background-size":"auto","background-attachment":"scroll","background-type":"","background-media":"","overlay-type":"","overlay-color":"","overlay-opacity":"","overlay-gradient":""},"tablet":{"background-color":"var(--ast-global-color-4)","background-image":"","background-repeat":"repeat","background-position":"center center","background-size":"auto","background-attachment":"scroll","background-type":"","background-media":"","overlay-type":"","overlay-color":"","overlay-opacity":"","overlay-gradient":""},"mobile":{"background-color":"var(--ast-global-color-4)","background-image":"","background-repeat":"repeat","background-position":"center center","background-size":"auto","background-attachment":"scroll","background-type":"","background-media":"","overlay-type":"","overlay-color":"","overlay-opacity":"","overlay-gradient":""}},"footnotes":""},"class_list":["post-141","page","type-page","status-publish","hentry"],"_links":{"self":[{"href":"https:\/\/beyond-robotics.de\/en\/wp-json\/wp\/v2\/pages\/141","targetHints":{"allow":["GET"]}}],"collection":[{"href":"https:\/\/beyond-robotics.de\/en\/wp-json\/wp\/v2\/pages"}],"about":[{"href":"https:\/\/beyond-robotics.de\/en\/wp-json\/wp\/v2\/types\/page"}],"author":[{"embeddable":true,"href":"https:\/\/beyond-robotics.de\/en\/wp-json\/wp\/v2\/users\/1"}],"replies":[{"embeddable":true,"href":"https:\/\/beyond-robotics.de\/en\/wp-json\/wp\/v2\/comments?post=141"}],"version-history":[{"count":4,"href":"https:\/\/beyond-robotics.de\/en\/wp-json\/wp\/v2\/pages\/141\/revisions"}],"predecessor-version":[{"id":146,"href":"https:\/\/beyond-robotics.de\/en\/wp-json\/wp\/v2\/pages\/141\/revisions\/146"}],"wp:attachment":[{"href":"https:\/\/beyond-robotics.de\/en\/wp-json\/wp\/v2\/media?parent=141"}],"curies":[{"name":"wp","href":"https:\/\/api.w.org\/{rel}","templated":true}]}}