{"id":194,"date":"2025-04-22T12:17:10","date_gmt":"2025-04-22T12:17:10","guid":{"rendered":"https:\/\/beyond-robotics.de\/?page_id=194"},"modified":"2025-05-16T12:11:34","modified_gmt":"2025-05-16T12:11:34","slug":"impressum","status":"publish","type":"page","link":"https:\/\/beyond-robotics.de\/en\/impressum\/","title":{"rendered":"Impressum"},"content":{"rendered":"\t\t<div data-elementor-type=\"wp-page\" data-elementor-id=\"194\" class=\"elementor elementor-194\">\n\t\t\t\t<div class=\"elementor-element elementor-element-4f1ec7a e-flex e-con-boxed e-con e-parent\" data-id=\"4f1ec7a\" data-element_type=\"container\" data-e-type=\"container\">\n\t\t\t\t\t<div class=\"e-con-inner\">\n\t\t\t\t<div class=\"elementor-element elementor-element-e46d0ec elementor-widget elementor-widget-heading\" data-id=\"e46d0ec\" data-element_type=\"widget\" data-e-type=\"widget\" data-widget_type=\"heading.default\">\n\t\t\t\t<div class=\"elementor-widget-container\">\n\t\t\t\t\t<h2 class=\"elementor-heading-title elementor-size-default\">Impressum<\/h2>\t\t\t\t<\/div>\n\t\t\t\t<\/div>\n\t\t\t\t\t<\/div>\n\t\t\t\t<\/div>\n\t\t<div class=\"elementor-element elementor-element-8176f05 e-flex e-con-boxed e-con e-parent\" data-id=\"8176f05\" data-element_type=\"container\" data-e-type=\"container\">\n\t\t\t\t\t<div class=\"e-con-inner\">\n\t\t\t\t<div class=\"elementor-element elementor-element-7dc66c3 elementor-widget elementor-widget-text-editor\" data-id=\"7dc66c3\" data-element_type=\"widget\" data-e-type=\"widget\" data-widget_type=\"text-editor.default\">\n\t\t\t\t<div class=\"elementor-widget-container\">\n\t\t\t\t\t\t\t\t\t<p class=\"\" data-start=\"342\" data-end=\"465\"><strong data-start=\"342\" data-end=\"379\">Angaben gem\u00e4\u00df \u00a7 5 TMG \/ \u00a7 55 RStV<\/strong><\/p>\n<p class=\"\" data-start=\"1155\" data-end=\"1271\">Beyond-Robotics GmbH<br>Herr Norman SCHWAB<br>Max-Eyth-Str. 17<br>D-74366 Kirchheim\/Neckar<\/p>\n<p class=\"\" data-start=\"1155\" data-end=\"1271\">E-Mail: [<span style=\"color: #045cd1;\"><u>norman.schwab@beyond-robotics.de<\/u><\/span>]<br>Website: <a class=\"\" href=\"http:\/\/www.beyond-robotics.de\" target=\"_new\" rel=\"noopener\" data-start=\"538\" data-end=\"560\">www.beyond-robotics.de<\/a><\/p>\n<p class=\"\" data-start=\"564\" data-end=\"612\"><strong data-start=\"564\" data-end=\"584\">Vertreten durch:<\/strong><br data-start=\"584\" data-end=\"587\">Norman SCHWAB (Inhaber)<\/p>\n<p class=\"\" data-start=\"614\" data-end=\"754\"><strong data-start=\"614\" data-end=\"634\">Umsatzsteuer-ID:<\/strong><br data-start=\"634\" data-end=\"637\">Umsatzsteuer-Identifikationsnummer gem\u00e4\u00df \u00a727 a Umsatzsteuergesetz: <strong data-start=\"704\" data-end=\"754\">789236<\/strong><\/p>\n<p class=\"\" data-start=\"756\" data-end=\"1173\"><strong data-start=\"756\" data-end=\"779\">Haftung f\u00fcr Inhalte<\/strong><br data-start=\"779\" data-end=\"782\">Als Diensteanbieter sind wir gem\u00e4\u00df \u00a7 7 Abs.1 TMG f\u00fcr eigene Inhalte auf diesen Seiten nach den allgemeinen Gesetzen verantwortlich.<br data-start=\"913\" data-end=\"916\">Nach \u00a7\u00a7 8 bis 10 TMG sind wir jedoch nicht verpflichtet, \u00fcbermittelte oder gespeicherte fremde Informationen zu \u00fcberwachen.<br data-start=\"1039\" data-end=\"1042\">Verpflichtungen zur Entfernung oder Sperrung der Nutzung von Informationen nach den allgemeinen Gesetzen bleiben hiervon unber\u00fchrt.<\/p>\n<p class=\"\" data-start=\"1175\" data-end=\"1378\"><strong data-start=\"1175\" data-end=\"1196\">Haftung f\u00fcr Links<\/strong><br data-start=\"1196\" data-end=\"1199\">Unser Angebot enth\u00e4lt Links zu externen Websites Dritter, auf deren Inhalte wir keinen Einfluss haben.<br data-start=\"1301\" data-end=\"1304\">Deshalb k\u00f6nnen wir f\u00fcr diese fremden Inhalte auch keine Gew\u00e4hr \u00fcbernehmen.<\/p>\n<p class=\"\" data-start=\"1380\" data-end=\"1699\"><strong data-start=\"1380\" data-end=\"1396\">Urheberrecht<\/strong><br data-start=\"1396\" data-end=\"1399\">Die durch die Seitenbetreiber erstellten Inhalte und Werke auf diesen Seiten unterliegen dem Urheberrecht.<br data-start=\"1505\" data-end=\"1508\">Die Vervielf\u00e4ltigung, Bearbeitung, Verbreitung und jede Art der Verwertung au\u00dferhalb der Grenzen des Urheberrechts bed\u00fcrfen der schriftlichen Zustimmung des jeweiligen Autors bzw. Erstellers.<\/p>\t\t\t\t\t\t\t\t<\/div>\n\t\t\t\t<\/div>\n\t\t\t\t\t<\/div>\n\t\t\t\t<\/div>\n\t\t\t\t<\/div>\n\t\t","protected":false},"excerpt":{"rendered":"<p>Impressum Angaben gem\u00e4\u00df \u00a7 5 TMG \/ \u00a7 55 RStV Beyond-Robotics GmbHHerr Norman SCHWABMax-Eyth-Str. 17D-74366 Kirchheim\/Neckar E-Mail: [norman.schwab@beyond-robotics.de]Website: www.beyond-robotics.de Vertreten [&hellip;]<\/p>\n","protected":false},"author":1,"featured_media":0,"parent":0,"menu_order":0,"comment_status":"closed","ping_status":"closed","template":"","meta":{"site-sidebar-layout":"no-sidebar","site-content-layout":"","ast-site-content-layout":"full-width-container","site-content-style":"default","site-sidebar-style":"default","ast-global-header-display":"","ast-banner-title-visibility":"","ast-main-header-display":"","ast-hfb-above-header-display":"","ast-hfb-below-header-display":"","ast-hfb-mobile-header-display":"","site-post-title":"disabled","ast-breadcrumbs-content":"","ast-featured-img":"disabled","footer-sml-layout":"","ast-disable-related-posts":"","theme-transparent-header-meta":"","adv-header-id-meta":"","stick-header-meta":"","header-above-stick-meta":"","header-main-stick-meta":"","header-below-stick-meta":"","astra-migrate-meta-layouts":"default","ast-page-background-enabled":"default","ast-page-background-meta":{"desktop":{"background-color":"var(--ast-global-color-5)","background-image":"","background-repeat":"repeat","background-position":"center center","background-size":"auto","background-attachment":"scroll","background-type":"","background-media":"","overlay-type":"","overlay-color":"","overlay-opacity":"","overlay-gradient":""},"tablet":{"background-color":"","background-image":"","background-repeat":"repeat","background-position":"center center","background-size":"auto","background-attachment":"scroll","background-type":"","background-media":"","overlay-type":"","overlay-color":"","overlay-opacity":"","overlay-gradient":""},"mobile":{"background-color":"","background-image":"","background-repeat":"repeat","background-position":"center center","background-size":"auto","background-attachment":"scroll","background-type":"","background-media":"","overlay-type":"","overlay-color":"","overlay-opacity":"","overlay-gradient":""}},"ast-content-background-meta":{"desktop":{"background-color":"var(--ast-global-color-4)","background-image":"","background-repeat":"repeat","background-position":"center center","background-size":"auto","background-attachment":"scroll","background-type":"","background-media":"","overlay-type":"","overlay-color":"","overlay-opacity":"","overlay-gradient":""},"tablet":{"background-color":"var(--ast-global-color-4)","background-image":"","background-repeat":"repeat","background-position":"center center","background-size":"auto","background-attachment":"scroll","background-type":"","background-media":"","overlay-type":"","overlay-color":"","overlay-opacity":"","overlay-gradient":""},"mobile":{"background-color":"var(--ast-global-color-4)","background-image":"","background-repeat":"repeat","background-position":"center center","background-size":"auto","background-attachment":"scroll","background-type":"","background-media":"","overlay-type":"","overlay-color":"","overlay-opacity":"","overlay-gradient":""}},"footnotes":""},"class_list":["post-194","page","type-page","status-publish","hentry"],"_links":{"self":[{"href":"https:\/\/beyond-robotics.de\/en\/wp-json\/wp\/v2\/pages\/194","targetHints":{"allow":["GET"]}}],"collection":[{"href":"https:\/\/beyond-robotics.de\/en\/wp-json\/wp\/v2\/pages"}],"about":[{"href":"https:\/\/beyond-robotics.de\/en\/wp-json\/wp\/v2\/types\/page"}],"author":[{"embeddable":true,"href":"https:\/\/beyond-robotics.de\/en\/wp-json\/wp\/v2\/users\/1"}],"replies":[{"embeddable":true,"href":"https:\/\/beyond-robotics.de\/en\/wp-json\/wp\/v2\/comments?post=194"}],"version-history":[{"count":7,"href":"https:\/\/beyond-robotics.de\/en\/wp-json\/wp\/v2\/pages\/194\/revisions"}],"predecessor-version":[{"id":213,"href":"https:\/\/beyond-robotics.de\/en\/wp-json\/wp\/v2\/pages\/194\/revisions\/213"}],"wp:attachment":[{"href":"https:\/\/beyond-robotics.de\/en\/wp-json\/wp\/v2\/media?parent=194"}],"curies":[{"name":"wp","href":"https:\/\/api.w.org\/{rel}","templated":true}]}}